{"id":177,"date":"2025-06-22T16:41:26","date_gmt":"2025-06-22T13:41:26","guid":{"rendered":"http:\/\/localhost\/?post_type=product&#038;p=177"},"modified":"2025-07-28T21:33:22","modified_gmt":"2025-07-28T18:33:22","slug":"pergola-corner-beam-bracket","status":"publish","type":"product","link":"https:\/\/www.machowood.com\/tr\/urun\/pergola-corner-beam-bracket\/","title":{"rendered":"Pergola Corner Beam Bracket"},"content":{"rendered":"<h3>MW-06<\/h3>\n<h2>Pergola K\u00f6\u015fe Kiri\u015fi<br \/>\nBraketi<\/h2>\n<h4>size 9&#215;9 cm<\/h4>\n<p>Designed to connect beams at a 90\u00b0<br \/>\nangle, this corner bracket ensures solid<br \/>\nstructural integrity while maintaining a<br \/>\nclean, modern look for your pergola<br \/>\nframe.<\/p>","protected":false},"excerpt":{"rendered":"<p>MW-06 Pergola Corner Beam Bracket size 9&#215;9 cm Designed to connect beams at a 90\u00b0 angle, this corner bracket ensures solid structural integrity while maintaining a clean, modern look for your pergola frame.<\/p>","protected":false},"featured_media":259,"comment_status":"open","ping_status":"closed","template":"","meta":[],"product_brand":[],"product_cat":[15],"product_tag":[],"class_list":{"0":"post-177","1":"product","2":"type-product","3":"status-publish","4":"has-post-thumbnail","6":"product_cat-genel","8":"first","9":"instock","10":"shipping-taxable","11":"product-type-simple"},"_links":{"self":[{"href":"https:\/\/www.machowood.com\/tr\/wp-json\/wp\/v2\/product\/177","targetHints":{"allow":["GET"]}}],"collection":[{"href":"https:\/\/www.machowood.com\/tr\/wp-json\/wp\/v2\/product"}],"about":[{"href":"https:\/\/www.machowood.com\/tr\/wp-json\/wp\/v2\/types\/product"}],"replies":[{"embeddable":true,"href":"https:\/\/www.machowood.com\/tr\/wp-json\/wp\/v2\/comments?post=177"}],"wp:featuredmedia":[{"embeddable":true,"href":"https:\/\/www.machowood.com\/tr\/wp-json\/wp\/v2\/media\/259"}],"wp:attachment":[{"href":"https:\/\/www.machowood.com\/tr\/wp-json\/wp\/v2\/media?parent=177"}],"wp:term":[{"taxonomy":"product_brand","embeddable":true,"href":"https:\/\/www.machowood.com\/tr\/wp-json\/wp\/v2\/product_brand?post=177"},{"taxonomy":"product_cat","embeddable":true,"href":"https:\/\/www.machowood.com\/tr\/wp-json\/wp\/v2\/product_cat?post=177"},{"taxonomy":"product_tag","embeddable":true,"href":"https:\/\/www.machowood.com\/tr\/wp-json\/wp\/v2\/product_tag?post=177"}],"curies":[{"name":"wp","href":"https:\/\/api.w.org\/{rel}","templated":true}]}}