{"id":189,"date":"2025-06-22T16:45:00","date_gmt":"2025-06-22T13:45:00","guid":{"rendered":"http:\/\/localhost\/?post_type=product&#038;p=189"},"modified":"2025-07-01T21:49:32","modified_gmt":"2025-07-01T18:49:32","slug":"pergola-roof-triflex-30-three-way-bracket","status":"publish","type":"product","link":"https:\/\/www.machowood.com\/tr\/urun\/pergola-roof-triflex-30-three-way-bracket\/","title":{"rendered":"Pergola Roof Triflex 30 Three-Way Bracket"},"content":{"rendered":"<h3>MW-08<\/h3>\n<h2 class=\"translation-block\">Pergola \u00c7at\u0131 Triflex 30<br>\n\u00dc\u00e7 Y\u00f6nl\u00fc Braket<\/h2>\n<h4>size 9&#215;9 cm<\/h4>\n<p>Designed for 30\u00b0 angled roof joints, this<br \/>\nthree-way bracket securely connects<br \/>\nbeams at multiple points\u2014perfect for<br \/>\ncomplex pergola roof structures with a<br \/>\nclean architectural finish.<\/p>","protected":false},"excerpt":{"rendered":"<p>MW-08 Pergola Roof Triflex 30 Three-Way Bracket size 9&#215;9 cm Designed for 30\u00b0 angled roof joints, this three-way bracket securely connects beams at multiple points\u2014perfect for complex pergola roof structures with a clean architectural finish.<\/p>","protected":false},"featured_media":190,"comment_status":"open","ping_status":"closed","template":"","meta":[],"product_brand":[],"product_cat":[15],"product_tag":[],"class_list":{"0":"post-189","1":"product","2":"type-product","3":"status-publish","4":"has-post-thumbnail","6":"product_cat-genel","8":"first","9":"instock","10":"shipping-taxable","11":"product-type-simple"},"_links":{"self":[{"href":"https:\/\/www.machowood.com\/tr\/wp-json\/wp\/v2\/product\/189","targetHints":{"allow":["GET"]}}],"collection":[{"href":"https:\/\/www.machowood.com\/tr\/wp-json\/wp\/v2\/product"}],"about":[{"href":"https:\/\/www.machowood.com\/tr\/wp-json\/wp\/v2\/types\/product"}],"replies":[{"embeddable":true,"href":"https:\/\/www.machowood.com\/tr\/wp-json\/wp\/v2\/comments?post=189"}],"wp:featuredmedia":[{"embeddable":true,"href":"https:\/\/www.machowood.com\/tr\/wp-json\/wp\/v2\/media\/190"}],"wp:attachment":[{"href":"https:\/\/www.machowood.com\/tr\/wp-json\/wp\/v2\/media?parent=189"}],"wp:term":[{"taxonomy":"product_brand","embeddable":true,"href":"https:\/\/www.machowood.com\/tr\/wp-json\/wp\/v2\/product_brand?post=189"},{"taxonomy":"product_cat","embeddable":true,"href":"https:\/\/www.machowood.com\/tr\/wp-json\/wp\/v2\/product_cat?post=189"},{"taxonomy":"product_tag","embeddable":true,"href":"https:\/\/www.machowood.com\/tr\/wp-json\/wp\/v2\/product_tag?post=189"}],"curies":[{"name":"wp","href":"https:\/\/api.w.org\/{rel}","templated":true}]}}